{"id":1184,"date":"2014-04-21T14:03:45","date_gmt":"2014-04-21T19:03:45","guid":{"rendered":"http:\/\/emimmigration.com\/?page_id=1184"},"modified":"2022-06-28T20:18:47","modified_gmt":"2022-06-29T01:18:47","slug":"contactez-nous","status":"publish","type":"page","link":"https:\/\/emimmigration.com\/fr\/contactez-nous\/","title":{"rendered":"Contactez-nous"},"content":{"rendered":"<p><strong>Jusqu&#8217;\u00e0 nouvel ordre, nous travaillons uniquement sur les dossiers des clients existants. Merci pour votre compr\u00e9hension.\u00a0<\/strong><\/p>\n<p>Veuillez noter que nous ne voyons personne sans rendez-vous, et que nous chargeons des frais de rencontre pour les rendez-vous en personne.<\/p>\n<div role=\"form\" class=\"wpcf7\" id=\"wpcf7-f1359-o1\" lang=\"en-US\" dir=\"ltr\">\n<div class=\"screen-reader-response\"><p role=\"status\" aria-live=\"polite\" aria-atomic=\"true\"><\/p> <ul><\/ul><\/div>\n<form action=\"\/fr\/wp-json\/wp\/v2\/pages\/1184#wpcf7-f1359-o1\" method=\"post\" class=\"wpcf7-form init\" novalidate=\"novalidate\" data-status=\"init\">\n<div style=\"display: none;\">\n<input type=\"hidden\" name=\"_wpcf7\" value=\"1359\" \/>\n<input type=\"hidden\" name=\"_wpcf7_version\" value=\"5.6\" \/>\n<input type=\"hidden\" name=\"_wpcf7_locale\" value=\"en_US\" \/>\n<input type=\"hidden\" name=\"_wpcf7_unit_tag\" value=\"wpcf7-f1359-o1\" \/>\n<input type=\"hidden\" name=\"_wpcf7_container_post\" value=\"0\" \/>\n<input type=\"hidden\" name=\"_wpcf7_posted_data_hash\" value=\"\" \/>\n<\/div>\n<p>Votre nom (obligatoire)<br \/>\n    <span class=\"wpcf7-form-control-wrap\" data-name=\"your-name\"><input type=\"text\" name=\"your-name\" value=\"\" size=\"40\" class=\"wpcf7-form-control wpcf7-text wpcf7-validates-as-required\" aria-required=\"true\" aria-invalid=\"false\" \/><\/span> <\/p>\n<p>Votre adresse courriel (obligatoire)<br \/>\n    <span class=\"wpcf7-form-control-wrap\" data-name=\"your-email\"><input type=\"email\" name=\"your-email\" value=\"\" size=\"40\" class=\"wpcf7-form-control wpcf7-text wpcf7-email wpcf7-validates-as-required wpcf7-validates-as-email\" aria-required=\"true\" aria-invalid=\"false\" \/><\/span> <\/p>\n<p>Veuillez choisir une option de consultation<br \/>\n<span class=\"wpcf7-form-control-wrap\" data-name=\"checkbox-834\"><span class=\"wpcf7-form-control wpcf7-checkbox wpcf7-validates-as-required wpcf7-exclusive-checkbox\"><span class=\"wpcf7-list-item first\"><input type=\"checkbox\" name=\"checkbox-834\" value=\"Consultation simple 150$+tx\" \/><span class=\"wpcf7-list-item-label\">Consultation simple 150$+tx<\/span><\/span><span class=\"wpcf7-list-item\"><input type=\"checkbox\" name=\"checkbox-834\" value=\"\u00c9valuation de votre profil d\u2019immigration (futurs \u00e9tudiants, travailleurs temporaires ou r\u00e9sidents permanents): 300$+tx\" \/><span class=\"wpcf7-list-item-label\">\u00c9valuation de votre profil d\u2019immigration (futurs \u00e9tudiants, travailleurs temporaires ou r\u00e9sidents permanents): 300$+tx<\/span><\/span><span class=\"wpcf7-list-item last\"><input type=\"checkbox\" name=\"checkbox-834\" value=\"\u00c9valuation corporative: 450$+tx\" \/><span class=\"wpcf7-list-item-label\">\u00c9valuation corporative: 450$+tx<\/span><\/span><\/span><\/span><\/p>\n<p>Sujet<br \/>\n    <span class=\"wpcf7-form-control-wrap\" data-name=\"your-subject\"><input type=\"text\" name=\"your-subject\" value=\"\" size=\"40\" class=\"wpcf7-form-control wpcf7-text\" aria-invalid=\"false\" \/><\/span> <\/p>\n<p>Votre message, veuillez aussi \u00e9crire votre nom complet et adresse afin que nous puissions g\u00e9n\u00e9rer le contrat de consultation initiale<br \/>\n    <span class=\"wpcf7-form-control-wrap\" data-name=\"your-message\"><textarea name=\"your-message\" cols=\"40\" rows=\"10\" class=\"wpcf7-form-control wpcf7-textarea\" aria-invalid=\"false\"><\/textarea><\/span> <\/p>\n<p><input type=\"hidden\" name=\"_wpcf7_captcha_challenge_captcha-412\" value=\"864108085\" \/><img loading=\"lazy\" decoding=\"async\" class=\"wpcf7-form-control wpcf7-captchac wpcf7-captcha-captcha-412\" width=\"72\" height=\"24\" alt=\"captcha\" src=\"https:\/\/emimmigration.com\/fr\/wp-content\/uploads\/wpcf7_captcha\/864108085.png\" \/><br \/>\n<span class=\"wpcf7-form-control-wrap\" data-name=\"captcha-412\"><input type=\"text\" name=\"captcha-412\" value=\"\" size=\"40\" class=\"wpcf7-form-control wpcf7-captchar\" autocomplete=\"off\" aria-invalid=\"false\" \/><\/span><\/p>\n<p><input type=\"submit\" value=\"Envoyer\" class=\"wpcf7-form-control has-spinner wpcf7-submit\" \/><\/p>\n<div class=\"wpcf7-response-output\" aria-hidden=\"true\"><\/div><\/form><\/div>\n","protected":false},"excerpt":{"rendered":"<p>Jusqu&#8217;\u00e0 nouvel ordre, nous travaillons uniquement sur les dossiers des clients existants. Merci pour votre compr\u00e9hension.\u00a0 Veuillez noter que nous ne voyons personne sans rendez-vous, et que nous chargeons des frais de rencontre pour les rendez-vous en personne.<\/p>\n","protected":false},"author":4,"featured_media":0,"parent":0,"menu_order":8,"comment_status":"closed","ping_status":"closed","template":"","meta":{"footnotes":""},"class_list":["post-1184","page","type-page","status-publish","czr-hentry"],"acf":[],"_links":{"self":[{"href":"https:\/\/emimmigration.com\/fr\/wp-json\/wp\/v2\/pages\/1184"}],"collection":[{"href":"https:\/\/emimmigration.com\/fr\/wp-json\/wp\/v2\/pages"}],"about":[{"href":"https:\/\/emimmigration.com\/fr\/wp-json\/wp\/v2\/types\/page"}],"author":[{"embeddable":true,"href":"https:\/\/emimmigration.com\/fr\/wp-json\/wp\/v2\/users\/4"}],"replies":[{"embeddable":true,"href":"https:\/\/emimmigration.com\/fr\/wp-json\/wp\/v2\/comments?post=1184"}],"version-history":[{"count":56,"href":"https:\/\/emimmigration.com\/fr\/wp-json\/wp\/v2\/pages\/1184\/revisions"}],"predecessor-version":[{"id":2432,"href":"https:\/\/emimmigration.com\/fr\/wp-json\/wp\/v2\/pages\/1184\/revisions\/2432"}],"wp:attachment":[{"href":"https:\/\/emimmigration.com\/fr\/wp-json\/wp\/v2\/media?parent=1184"}],"curies":[{"name":"wp","href":"https:\/\/api.w.org\/{rel}","templated":true}]}}