{"id":1192,"date":"2014-04-21T14:16:28","date_gmt":"2014-04-21T19:16:28","guid":{"rendered":"http:\/\/emimmigration.com\/?page_id=1192"},"modified":"2019-07-02T14:02:23","modified_gmt":"2019-07-02T19:02:23","slug":"a-propos","status":"publish","type":"page","link":"https:\/\/emimmigration.com\/fr\/a-propos\/","title":{"rendered":"\u00c0 propos"},"content":{"rendered":"<p>Nous sommes d\u00e9di\u00e9s au succ\u00e8s de votre projet d&#8217;immigration et nous ferons tous les efforts possibles pour nous assurer de vous offrir un service hors pair.<\/p>\n\n<table id=\"tablepress-8\" class=\"tablepress tablepress-id-8\">\n<tbody class=\"row-hover\">\n<tr class=\"row-1 odd\">\n\t<td class=\"column-1\"><img loading=\"lazy\" decoding=\"async\" src=\"http:\/\/emimmigration.com\/wp-content\/uploads\/2013\/01\/website-pic-e1389411604190.gif\" alt=\"elise-michaud-immigration-consultant-rcic-r510034\" width=\"150\" height=\"210\" class=\"aligncenter size-full wp-image-802\" \/><\/td><td class=\"column-2\">Elise Michaud est la fondatrice et propri\u00e9taire de EM Immigration Consulting Inc. et une Consultante R\u00e9glement\u00e9e en Immigration Canadienne (CRIC), membre du CCIC (Coll\u00e8ge des consultants en immigration et citoyennet\u00e9), membre num\u00e9ro R510034. Elle est aussi une consultante reconnue par le Minist\u00e8re de l'Immigration, de la Diversit\u00e9 et de l'Inclusion (MIDI) pour repr\u00e9senter des demandes aupr\u00e8s du gouvernement du Qu\u00e9bec, membre num\u00e9ro 11549. <br \/>\nSeule Elise Michaud signe les contrats de service avec les clients au nom de EM Consultation en Immigration Inc. Ne signez AUCUN contrat provenant ou contenant un autre nom que celui-ci, et contactez-nous imm\u00e9diatement en cas de doute. <\/td>\n<\/tr>\n<\/tbody>\n<\/table>\n<!-- #tablepress-8 from cache -->\n<p>&nbsp;<\/p>\n<p>&nbsp;<\/p>\n","protected":false},"excerpt":{"rendered":"<p>Nous sommes d\u00e9di\u00e9s au succ\u00e8s de votre projet d&#8217;immigration et nous ferons tous les efforts possibles pour nous assurer de vous offrir un service hors pair. &nbsp; &nbsp;<\/p>\n","protected":false},"author":4,"featured_media":0,"parent":0,"menu_order":2,"comment_status":"closed","ping_status":"closed","template":"","meta":{"footnotes":""},"class_list":["post-1192","page","type-page","status-publish","czr-hentry"],"acf":[],"_links":{"self":[{"href":"https:\/\/emimmigration.com\/fr\/wp-json\/wp\/v2\/pages\/1192"}],"collection":[{"href":"https:\/\/emimmigration.com\/fr\/wp-json\/wp\/v2\/pages"}],"about":[{"href":"https:\/\/emimmigration.com\/fr\/wp-json\/wp\/v2\/types\/page"}],"author":[{"embeddable":true,"href":"https:\/\/emimmigration.com\/fr\/wp-json\/wp\/v2\/users\/4"}],"replies":[{"embeddable":true,"href":"https:\/\/emimmigration.com\/fr\/wp-json\/wp\/v2\/comments?post=1192"}],"version-history":[{"count":8,"href":"https:\/\/emimmigration.com\/fr\/wp-json\/wp\/v2\/pages\/1192\/revisions"}],"predecessor-version":[{"id":2378,"href":"https:\/\/emimmigration.com\/fr\/wp-json\/wp\/v2\/pages\/1192\/revisions\/2378"}],"wp:attachment":[{"href":"https:\/\/emimmigration.com\/fr\/wp-json\/wp\/v2\/media?parent=1192"}],"curies":[{"name":"wp","href":"https:\/\/api.w.org\/{rel}","templated":true}]}}