{"id":1207,"date":"2013-10-16T21:06:16","date_gmt":"2013-10-17T02:06:16","guid":{"rendered":"http:\/\/emimmigration.com\/a-propos\/consultant\/"},"modified":"2024-10-03T14:44:02","modified_gmt":"2024-10-03T19:44:02","slug":"consultant","status":"publish","type":"page","link":"https:\/\/emimmigration.com\/fr\/a-propos\/consultant\/","title":{"rendered":"Pourquoi un Avocat ou un Consultant R\u00e9glement\u00e9?"},"content":{"rendered":"<div id=\"attachment_1637\" style=\"width: 248px\" class=\"wp-caption aligncenter\"><img loading=\"lazy\" decoding=\"async\" aria-describedby=\"caption-attachment-1637\" class=\"wp-image-1637\" src=\"http:\/\/emimmigration.com\/fr\/wp-content\/uploads\/2013\/10\/elise-office-zoom-in-300x300.jpg\" alt=\"elise-office-zoom-in\" width=\"238\" height=\"238\" srcset=\"https:\/\/emimmigration.com\/fr\/wp-content\/uploads\/2013\/10\/elise-office-zoom-in-300x300.jpg 300w, https:\/\/emimmigration.com\/fr\/wp-content\/uploads\/2013\/10\/elise-office-zoom-in-150x150.jpg 150w, https:\/\/emimmigration.com\/fr\/wp-content\/uploads\/2013\/10\/elise-office-zoom-in-1024x1024.jpg 1024w\" sizes=\"(max-width: 238px) 100vw, 238px\" \/><p id=\"caption-attachment-1637\" class=\"wp-caption-text\">La propri\u00e9taire Elise Michaud dans les bureaux de Montr\u00e9al.<\/p><\/div>\n<p>Au Canada, seulement quelques cat\u00e9gories de professionnels peuvent pr\u00e9senter votre demande d&#8217;immigration aupr\u00e8s des gouvernements du Qu\u00e9bec et du Canada, et charger pour leurs services. Les avocats, les notaires du Qu\u00e9bec et les Consultants R\u00e9glement\u00e9s en Immigration Canadienne (CRIC) sont l\u00e9galement autoris\u00e9s \u00e0 le faire. Soyez certains de faire affaire avec un professionnel accr\u00e9dit\u00e9. Notez que les commissaires \u00e0 l&#8217;assermentation ne sont PAS autoris\u00e9s \u00e0 pratiquer dans le domaine de l&#8217;immigration.<\/p>\n<p>Si vous choisissez de faire affaire avec un consultant en immigration canadienne, vous pouvez v\u00e9rifier si cette personne est membre en r\u00e8gle du <a title=\"CRCIC\" href=\"https:\/\/college-ic.ca\" target=\"_blank\" rel=\"noopener\">Coll\u00e8ge des Consultants en Immigration et Citoyennet\u00e9 (CCIC &#8211; CICC) <\/a> ou du barreau provincial.<\/p>\n<p>Chez EM Consultation en Immigration Inc., la propri\u00e9taire <strong>Elise Michaud<\/strong>, MA, CRIC, est une Consultante R\u00e9glement\u00e9e en Immigration Canadienne et membre en r\u00e8gle du CCIC, membre num\u00e9ro R510034. Elle est aussi une consultante reconnue par le Minist\u00e8re de l&#8217;Immigration, de la Diversit\u00e9 et de l&#8217;Inclusion (MIDI) pour repr\u00e9senter des demandes aupr\u00e8s du gouvernement du Qu\u00e9bec, membre num\u00e9ro 11549.<\/p>\n<p><a title=\"Contactez-nous\" href=\"http:\/\/emimmigration.com\/fr\/contactez-nous\/\" target=\"_blank\" rel=\"noopener\">Contactez-nous<\/a> aujourd&#8217;hui pour vous aider \u00e0 rendre votre r\u00eave de vivre au Canada une r\u00e9alit\u00e9.<\/p>\n","protected":false},"excerpt":{"rendered":"<p>Au Canada, seulement quelques cat\u00e9gories de professionnels peuvent pr\u00e9senter votre demande d&#8217;immigration aupr\u00e8s des gouvernements du Qu\u00e9bec et du Canada, et charger pour leurs services. Les avocats, les notaires du Qu\u00e9bec et les Consultants R\u00e9glement\u00e9s en Immigration Canadienne (CRIC) sont l\u00e9galement autoris\u00e9s \u00e0 le faire. Soyez certains de faire affaire avec un professionnel accr\u00e9dit\u00e9. Notez [&hellip;]<\/p>\n","protected":false},"author":4,"featured_media":0,"parent":1192,"menu_order":0,"comment_status":"closed","ping_status":"closed","template":"","meta":{"footnotes":""},"class_list":["post-1207","page","type-page","status-publish","czr-hentry"],"acf":[],"_links":{"self":[{"href":"https:\/\/emimmigration.com\/fr\/wp-json\/wp\/v2\/pages\/1207"}],"collection":[{"href":"https:\/\/emimmigration.com\/fr\/wp-json\/wp\/v2\/pages"}],"about":[{"href":"https:\/\/emimmigration.com\/fr\/wp-json\/wp\/v2\/types\/page"}],"author":[{"embeddable":true,"href":"https:\/\/emimmigration.com\/fr\/wp-json\/wp\/v2\/users\/4"}],"replies":[{"embeddable":true,"href":"https:\/\/emimmigration.com\/fr\/wp-json\/wp\/v2\/comments?post=1207"}],"version-history":[{"count":15,"href":"https:\/\/emimmigration.com\/fr\/wp-json\/wp\/v2\/pages\/1207\/revisions"}],"predecessor-version":[{"id":2438,"href":"https:\/\/emimmigration.com\/fr\/wp-json\/wp\/v2\/pages\/1207\/revisions\/2438"}],"up":[{"embeddable":true,"href":"https:\/\/emimmigration.com\/fr\/wp-json\/wp\/v2\/pages\/1192"}],"wp:attachment":[{"href":"https:\/\/emimmigration.com\/fr\/wp-json\/wp\/v2\/media?parent=1207"}],"curies":[{"name":"wp","href":"https:\/\/api.w.org\/{rel}","templated":true}]}}