{"id":1213,"date":"2014-04-21T14:59:19","date_gmt":"2014-04-21T19:59:19","guid":{"rendered":"http:\/\/emimmigration.com\/?page_id=1213"},"modified":"2024-10-03T14:49:16","modified_gmt":"2024-10-03T19:49:16","slug":"quebec","status":"publish","type":"page","link":"https:\/\/emimmigration.com\/fr\/quebec\/","title":{"rendered":"Qu\u00e9bec"},"content":{"rendered":"<p>Lorsque vous consid\u00e9rez immigrer au Canada, la province de Qu\u00e9bec offre de nombreux avantages.<\/p>\n<p>En 2024, le programme privil\u00e9gi\u00e9 pour demander la r\u00e9sidence permanente en \u00e9tant s\u00e9lectionn\u00e9 par la province du Qu\u00e9bec est celui le Programme d&#8217;Exp\u00e9rience Qu\u00e9b\u00e9coise, le fameux PEQ. Il y a deux volets pour ce programme:<\/p>\n<ul>\n<li>les travailleurs \u00e9trangers temporaires<\/li>\n<li>les dipl\u00f4m\u00e9s du Qu\u00e9bec.<\/li>\n<\/ul>\n<p>R\u00e9servez une \u00e9valuation priv\u00e9e pour \u00e9valuer si ce programme peut \u00eatre une bonne strat\u00e9gie d&#8217;immigration pour vous et votre famille.<\/p>\n<p>Les coll\u00e8ges et universit\u00e9s du Qu\u00e9bec offrent des programmes de qualit\u00e9 internationale \u00e0 des prix int\u00e9ressants. Il y a aussi des accords entre pays francophones qui permettent aux \u00e9tudiants \u00e9trangers de b\u00e9n\u00e9ficier des m\u00eames tarifs scolaires que les \u00e9tudiants du Qu\u00e9bec.<\/p>\n<p>Mis \u00e0 jour le 3 octobre 2024<\/p>\n","protected":false},"excerpt":{"rendered":"<p>Lorsque vous consid\u00e9rez immigrer au Canada, la province de Qu\u00e9bec offre de nombreux avantages. En 2024, le programme privil\u00e9gi\u00e9 pour demander la r\u00e9sidence permanente en \u00e9tant s\u00e9lectionn\u00e9 par la province du Qu\u00e9bec est celui le Programme d&#8217;Exp\u00e9rience Qu\u00e9b\u00e9coise, le fameux PEQ. Il y a deux volets pour ce programme: les travailleurs \u00e9trangers temporaires les dipl\u00f4m\u00e9s [&hellip;]<\/p>\n","protected":false},"author":4,"featured_media":0,"parent":0,"menu_order":3,"comment_status":"closed","ping_status":"closed","template":"","meta":{"footnotes":""},"class_list":["post-1213","page","type-page","status-publish","czr-hentry"],"acf":[],"_links":{"self":[{"href":"https:\/\/emimmigration.com\/fr\/wp-json\/wp\/v2\/pages\/1213"}],"collection":[{"href":"https:\/\/emimmigration.com\/fr\/wp-json\/wp\/v2\/pages"}],"about":[{"href":"https:\/\/emimmigration.com\/fr\/wp-json\/wp\/v2\/types\/page"}],"author":[{"embeddable":true,"href":"https:\/\/emimmigration.com\/fr\/wp-json\/wp\/v2\/users\/4"}],"replies":[{"embeddable":true,"href":"https:\/\/emimmigration.com\/fr\/wp-json\/wp\/v2\/comments?post=1213"}],"version-history":[{"count":14,"href":"https:\/\/emimmigration.com\/fr\/wp-json\/wp\/v2\/pages\/1213\/revisions"}],"predecessor-version":[{"id":2442,"href":"https:\/\/emimmigration.com\/fr\/wp-json\/wp\/v2\/pages\/1213\/revisions\/2442"}],"wp:attachment":[{"href":"https:\/\/emimmigration.com\/fr\/wp-json\/wp\/v2\/media?parent=1213"}],"curies":[{"name":"wp","href":"https:\/\/api.w.org\/{rel}","templated":true}]}}