{"id":1307,"date":"2014-04-24T18:39:35","date_gmt":"2014-04-24T18:39:35","guid":{"rendered":"http:\/\/emimmigration.com\/fr\/?page_id=1307"},"modified":"2024-10-03T14:58:24","modified_gmt":"2024-10-03T19:58:24","slug":"accueil","status":"publish","type":"page","link":"https:\/\/emimmigration.com\/fr\/","title":{"rendered":"Accueil"},"content":{"rendered":"<h2><span style=\"color: #eb1515;\">EM Consultation en Immigration est votre partenaire d&#8217;immigration pour le Canada et le Qu\u00e9bec<\/span><\/h2>\n<h2><strong>Employeurs du Qu\u00e9bec<\/strong><\/h2>\n<p>La p\u00e9nurie de main d&#8217;\u0153uvre actuelle pousse plusieurs employeurs qu\u00e9b\u00e9cois \u00e0 embaucher des travailleurs \u00e9trangers temporaires. Vous souhaitez vous aussi avoir recours \u00e0 des travailleurs \u00e9trangers? Vous avez lu au sujet des d\u00e9marches et souhaitez avoir de l&#8217;aide? Nous sommes ici pour vous. <a href=\"http:\/\/emimmigration.com\/fr\/contactez-nous\/\">Contactez-nous<\/a> d\u00e8s aujourd&#8217;hui pour faire \u00e9valuer votre projet d&#8217;embauche de travailleurs \u00e9trangers temporaires. Veuillez noter que les changements r\u00e9cents visent \u00e0 resserrer l&#8217;acc\u00e8s au programme des travailleurs \u00e9trangers temporaires et qu&#8217;il pourrait \u00eatre plus difficile de proc\u00e9der \u00e0 des embauches.<\/p>\n<h2><strong>Immigrants potentiels<\/strong><\/h2>\n<p><strong>Programme d&#8217;exp\u00e9rience qu\u00e9b\u00e9coise<\/strong><br \/>\nLe programme d&#8217;exp\u00e9rience qu\u00e9b\u00e9coise permet de faire une demande de certificat de s\u00e9lection du Qu\u00e9bec tout en \u00e9tant sur place au Qu\u00e9bec en tant que dipl\u00f4m\u00e9 ou travailleur temporaire.<\/p>\n<p><strong>Syst\u00e8me d&#8217;expression d&#8217;int\u00e9r\u00eat Arrima<\/strong><\/p>\n<p>Le syst\u00e8me Arrima fonctionne par expression d&#8217;int\u00e9r\u00eat et attribue un pointage aux candidats. Les candidats r\u00e9pondant aux crit\u00e8res du Minist\u00e8re recevront une invitation \u00e0 pr\u00e9senter leur demande de certificat de s\u00e9lection du Qu\u00e9bec.<\/p>\n<p><strong>\u00c9tudier au Qu\u00e9bec et au Canada<\/strong><\/p>\n<p>Bien s\u00fbr, une fa\u00e7on toujours int\u00e9ressante de venir s&#8217;\u00e9tablir au Canada est de venir y compl\u00e9ter des \u00e9tudes. En choisissant le bon programme d&#8217;\u00e9tude, il est possible d&#8217;appliquer pour le certificat de s\u00e9lection du Qu\u00e9bec et ensuite la R\u00e9sidence Permanente Canadienne apr\u00e8s avoir acquis l&#8217;exp\u00e9rience de travail n\u00e9cessaire.<\/p>\n","protected":false},"excerpt":{"rendered":"<p>EM Consultation en Immigration est votre partenaire d&#8217;immigration pour le Canada et le Qu\u00e9bec Employeurs du Qu\u00e9bec La p\u00e9nurie de main d&#8217;\u0153uvre actuelle pousse plusieurs employeurs qu\u00e9b\u00e9cois \u00e0 embaucher des travailleurs \u00e9trangers temporaires. Vous souhaitez vous aussi avoir recours \u00e0 des travailleurs \u00e9trangers? Vous avez lu au sujet des d\u00e9marches et souhaitez avoir de l&#8217;aide? [&hellip;]<\/p>\n","protected":false},"author":4,"featured_media":0,"parent":0,"menu_order":1,"comment_status":"closed","ping_status":"closed","template":"","meta":{"footnotes":""},"class_list":["post-1307","page","type-page","status-publish","czr-hentry"],"acf":[],"_links":{"self":[{"href":"https:\/\/emimmigration.com\/fr\/wp-json\/wp\/v2\/pages\/1307"}],"collection":[{"href":"https:\/\/emimmigration.com\/fr\/wp-json\/wp\/v2\/pages"}],"about":[{"href":"https:\/\/emimmigration.com\/fr\/wp-json\/wp\/v2\/types\/page"}],"author":[{"embeddable":true,"href":"https:\/\/emimmigration.com\/fr\/wp-json\/wp\/v2\/users\/4"}],"replies":[{"embeddable":true,"href":"https:\/\/emimmigration.com\/fr\/wp-json\/wp\/v2\/comments?post=1307"}],"version-history":[{"count":82,"href":"https:\/\/emimmigration.com\/fr\/wp-json\/wp\/v2\/pages\/1307\/revisions"}],"predecessor-version":[{"id":2445,"href":"https:\/\/emimmigration.com\/fr\/wp-json\/wp\/v2\/pages\/1307\/revisions\/2445"}],"wp:attachment":[{"href":"https:\/\/emimmigration.com\/fr\/wp-json\/wp\/v2\/media?parent=1307"}],"curies":[{"name":"wp","href":"https:\/\/api.w.org\/{rel}","templated":true}]}}