{"id":1393,"date":"2014-04-28T21:59:56","date_gmt":"2014-04-29T02:59:56","guid":{"rendered":"http:\/\/emimmigration.com\/fr\/?page_id=1393"},"modified":"2022-02-25T17:21:20","modified_gmt":"2022-02-25T22:21:20","slug":"etudiez-au-quebec","status":"publish","type":"page","link":"https:\/\/emimmigration.com\/fr\/etudiez-au-quebec\/","title":{"rendered":"\u00c9tudiez au Qu\u00e9bec: un choix judicieux"},"content":{"rendered":"<p><img loading=\"lazy\" decoding=\"async\" class=\"aligncenter size-full wp-image-1369\" src=\"http:\/\/emimmigration.com\/fr\/wp-content\/uploads\/2014\/04\/body_img_1.jpg\" alt=\"Students\" width=\"294\" height=\"125\" \/><br \/>\nSi vous \u00eates francophone, le Qu\u00e9bec est un endroit id\u00e9al pour venir \u00e9tudier et avoir la chance d&#8217;obtenir la r\u00e9sidence permanente canadienne, tout en ayant acc\u00e8s \u00e0 des coll\u00e8ges et universit\u00e9s de niveau international. Il est aussi possible d&#8217;\u00e9tudier dans d&#8217;autres \u00e9coles francophones \u00e0 travers le Canada, mais le Qu\u00e9bec permet d&#8217;avoir acc\u00e8s \u00e0 la r\u00e9sidence permanente de fa\u00e7on plus rapide.<\/p>\n<p><strong>Avantages<\/strong><br \/>\nLes formations offertes au Qu\u00e9bec suivent des normes tr\u00e8s strictes et vous permettent d&#8217;obtenir des emplois convoit\u00e9s, au Qu\u00e9bec et ailleurs. Elles peuvent aussi vous donner un avantage de taille si vous d\u00e9cidez de retourner chez vous avec vos nouvelles connaissances.<\/p>\n<p><strong>\u00c9coles repr\u00e9sent\u00e9es<\/strong><br \/>\nNous avons des partenariats avec des coll\u00e8ges de la r\u00e9gion de Montr\u00e9al afin de mieux vous aider \u00e0 venir \u00e9tudier au Qu\u00e9bec.<br \/>\nColl\u00e8ge Lasalle<br \/>\nColl\u00e8ge CDI<br \/>\nInstitut Teccart<\/p>\n<p><strong>Frais<\/strong><br \/>\nSi vous \u00eates citoyen fran\u00e7ais ou belge, il est possible de profiter de frais scolaires tr\u00e8s r\u00e9duits dans le r\u00e9seau public. Par contre, les frais scolaires dans le r\u00e9seau priv\u00e9 sont les m\u00eames. Les coll\u00e8ges priv\u00e9s ne publient pas les frais scolaires sur leur sites web. En g\u00e9n\u00e9ral, vous devez vous attendre \u00e0 des frais scolaires d&#8217;au moins 8000CAD$ par session au niveau coll\u00e9gial priv\u00e9.<\/p>\n<p><strong>Bourses d&#8217;\u00e9tudes<\/strong><br \/>\nNotez que l&#8217;obtention de bourses d&#8217;\u00e9tudes au Qu\u00e9bec est tr\u00e8s difficile et surtout quasi impossible la premi\u00e8re ann\u00e9e. Pour obtenir votre permis d&#8217;\u00e9tude pour venir au Canada, vous devrez aussi d\u00e9montrer que vous ou vos parents avez l&#8217;argent n\u00e9cessaire pour payer vos \u00e9tudes et vos frais de vie courante.<\/p>\n<p><strong>Universit\u00e9 ou Coll\u00e8ge priv\u00e9?<\/strong><br \/>\nLes universit\u00e9s canadiennes ont excellente r\u00e9putation, mais y \u00eatre admis demande beaucoup de documents, prend du temps, y \u00e9tudier co\u00fbte cher, et les sessions d&#8217;\u00e9tudes d\u00e9butent 1 fois par ann\u00e9e, en septembre.<\/p>\n<p><strong>Coll\u00e8ges Priv\u00e9s<\/strong><br \/>\nUne option tr\u00e8s pratique qui vous permet de sauver beaucoup de temps est d&#8217;\u00e9tudier dans un coll\u00e8ge priv\u00e9.<br \/>\nLes avantages sont nombreux:<br \/>\n&#8211; admission simple et rapide,<br \/>\n&#8211; plusieurs sessions par ann\u00e9e (vous n&#8217;avez pas \u00e0 attendre en septembre)<br \/>\n&#8211; frais moins \u00e9lev\u00e9s que la plupart des universit\u00e9s.<br \/>\n&#8211; plusieurs choix de programmes de 1800 heures ou plus se qualifiant pour le PEQ.<\/p>\n<p><strong>R\u00e9sidence permanente<\/strong><br \/>\nApr\u00e8s vos \u00e9tudes, si vous suivez un programme \u00e9ligible au Programme d&#8217;Exp\u00e9rience Qu\u00e9b\u00e9coise, il est possible de commencer les d\u00e9marches de demande de r\u00e9sidence permanente canadienne apr\u00e8s avoir acquis l&#8217;exp\u00e9rience de travail n\u00e9cessaire.<\/p>\n<p><a title=\"Contactez-nous\" href=\"http:\/\/emimmigration.com\/fr\/contactez-nous\/\">Faites \u00e9valuer votre profil d&#8217;immigration<\/a> aujourd&#8217;hui pour conna\u00eetre vos options d&#8217;\u00e9tudes au Qu\u00e9bec. *Veuillez noter que cette \u00e9valuation est contre r\u00e9mun\u00e9ration et qu&#8217;aucune information ne sera fournie hors d&#8217;une consultation.<\/p>\n","protected":false},"excerpt":{"rendered":"<p>Si vous \u00eates francophone, le Qu\u00e9bec est un endroit id\u00e9al pour venir \u00e9tudier et avoir la chance d&#8217;obtenir la r\u00e9sidence permanente canadienne, tout en ayant acc\u00e8s \u00e0 des coll\u00e8ges et universit\u00e9s de niveau international. Il est aussi possible d&#8217;\u00e9tudier dans d&#8217;autres \u00e9coles francophones \u00e0 travers le Canada, mais le Qu\u00e9bec permet d&#8217;avoir acc\u00e8s \u00e0 la [&hellip;]<\/p>\n","protected":false},"author":4,"featured_media":0,"parent":0,"menu_order":0,"comment_status":"closed","ping_status":"closed","template":"custom-page.php","meta":{"footnotes":""},"class_list":["post-1393","page","type-page","status-publish","czr-hentry"],"acf":[],"_links":{"self":[{"href":"https:\/\/emimmigration.com\/fr\/wp-json\/wp\/v2\/pages\/1393"}],"collection":[{"href":"https:\/\/emimmigration.com\/fr\/wp-json\/wp\/v2\/pages"}],"about":[{"href":"https:\/\/emimmigration.com\/fr\/wp-json\/wp\/v2\/types\/page"}],"author":[{"embeddable":true,"href":"https:\/\/emimmigration.com\/fr\/wp-json\/wp\/v2\/users\/4"}],"replies":[{"embeddable":true,"href":"https:\/\/emimmigration.com\/fr\/wp-json\/wp\/v2\/comments?post=1393"}],"version-history":[{"count":56,"href":"https:\/\/emimmigration.com\/fr\/wp-json\/wp\/v2\/pages\/1393\/revisions"}],"predecessor-version":[{"id":2407,"href":"https:\/\/emimmigration.com\/fr\/wp-json\/wp\/v2\/pages\/1393\/revisions\/2407"}],"wp:attachment":[{"href":"https:\/\/emimmigration.com\/fr\/wp-json\/wp\/v2\/media?parent=1393"}],"curies":[{"name":"wp","href":"https:\/\/api.w.org\/{rel}","templated":true}]}}