{"id":1429,"date":"2014-05-07T14:34:13","date_gmt":"2014-05-07T19:34:13","guid":{"rendered":"http:\/\/emimmigration.com\/fr\/?page_id=1429"},"modified":"2019-12-16T17:07:48","modified_gmt":"2019-12-16T22:07:48","slug":"embaucher-des-travailleurs-temporaires","status":"publish","type":"page","link":"https:\/\/emimmigration.com\/fr\/embaucher-des-travailleurs-temporaires\/","title":{"rendered":"Embaucher des Travailleurs Temporaires"},"content":{"rendered":"<p><img loading=\"lazy\" decoding=\"async\" class=\"aligncenter size-medium wp-image-2344\" src=\"http:\/\/emimmigration.com\/fr\/wp-content\/uploads\/2019\/01\/ges766-welder-technician-300x169.jpg\" alt=\"\" width=\"300\" height=\"169\" srcset=\"https:\/\/emimmigration.com\/fr\/wp-content\/uploads\/2019\/01\/ges766-welder-technician-300x169.jpg 300w, https:\/\/emimmigration.com\/fr\/wp-content\/uploads\/2019\/01\/ges766-welder-technician-768x432.jpg 768w, https:\/\/emimmigration.com\/fr\/wp-content\/uploads\/2019\/01\/ges766-welder-technician.jpg 935w\" sizes=\"(max-width: 300px) 100vw, 300px\" \/><\/p>\n<p>Vous avez cherch\u00e9 des employ\u00e9s qualifi\u00e9s pour combler des postes dans votre entreprise, sans succ\u00e8s? Vous pouvez embaucher des travailleurs \u00e9trangers temporaires qui sauront contribuer au bon fonctionnement de votre entreprise. Si vous \u00eates satisfait de ces employ\u00e9s, vous pouvez m\u00eame les engager de fa\u00e7on permanente.<\/p>\n<p>Les d\u00e9marches pour pouvoir embaucher un travailleur \u00e9tranger temporaires se font \u00e0 3 paliers gouvernementaux:<br \/>\n1. Obtenir une \u00c9valuation d&#8217;impact sur le march\u00e9 du travail (EIMT): avec Service Canada, d\u00e9lai de traitement variant de 2 semaines \u00e0 6 mois<br \/>\n2. Obtenir un Certificat d&#8217;Acceptation du Qu\u00e9bec (CAQ): aupr\u00e8s du Minist\u00e8re de l&#8217;immigration provincial (MIDI), d\u00e9lai de traitement variant aussi de 2 semaines \u00e0 6 mois<br \/>\n3. Obtenir un permis de travail pour le travailleur: aupr\u00e8s d&#8217;Immigration, R\u00e9fugi\u00e9s et Citoyennet\u00e9 Canada (IRCC), d\u00e9lai de traitement variant aussi de 2 semaines \u00e0 3 mois.<\/p>\n<p>Ces d\u00e9marches n\u00e9cessitent un investissement consid\u00e9rable en temps et en ressources. Plusieurs employeurs pr\u00e9f\u00e8rent se faire aider pour celles-ci: nous sommes qualifi\u00e9s et autoris\u00e9s pour vous repr\u00e9senter aupr\u00e8s des 3 instances des gouvernements.<\/p>\n<p>Notez que plusieurs agences de recrutement de travailleurs \u00e9trangers sur le march\u00e9 qu\u00e9b\u00e9cois proposent de vous trouver des travailleurs sans avoir les autorisations n\u00e9cessaires pour vous assister aupr\u00e8s de Service Canada, du MIDI et d&#8217;IRCC.<\/p>\n<p>Nous n&#8217;offrons PAS de service de recrutement \u00e0 l&#8217;\u00e9tranger pour vos besoins de main d&#8217;oeuvre temporaire \u00e9trang\u00e8re, pour ceci, nous vous r\u00e9f\u00e9rons \u00e0 notre partenaire<a href=\"http:\/\/www.immigrapro.com\"> ImmigraPro Inc<\/a>.<\/p>\n<p><a title=\"Contactez-nous\" href=\"http:\/\/emimmigration.com\/fr\/contactez-nous\/\">Contactez-nous<\/a> aujourd&#8217;hui pour conna\u00eetre vos options d&#8217;\u00e9valuation de votre projet d&#8217;embauche de travailleurs \u00e9trangers temporaires.<\/p>\n","protected":false},"excerpt":{"rendered":"<p>Vous avez cherch\u00e9 des employ\u00e9s qualifi\u00e9s pour combler des postes dans votre entreprise, sans succ\u00e8s? Vous pouvez embaucher des travailleurs \u00e9trangers temporaires qui sauront contribuer au bon fonctionnement de votre entreprise. Si vous \u00eates satisfait de ces employ\u00e9s, vous pouvez m\u00eame les engager de fa\u00e7on permanente. Les d\u00e9marches pour pouvoir embaucher un travailleur \u00e9tranger temporaires [&hellip;]<\/p>\n","protected":false},"author":4,"featured_media":1425,"parent":0,"menu_order":0,"comment_status":"closed","ping_status":"closed","template":"","meta":{"footnotes":""},"class_list":["post-1429","page","type-page","status-publish","has-post-thumbnail","czr-hentry"],"acf":[],"_links":{"self":[{"href":"https:\/\/emimmigration.com\/fr\/wp-json\/wp\/v2\/pages\/1429"}],"collection":[{"href":"https:\/\/emimmigration.com\/fr\/wp-json\/wp\/v2\/pages"}],"about":[{"href":"https:\/\/emimmigration.com\/fr\/wp-json\/wp\/v2\/types\/page"}],"author":[{"embeddable":true,"href":"https:\/\/emimmigration.com\/fr\/wp-json\/wp\/v2\/users\/4"}],"replies":[{"embeddable":true,"href":"https:\/\/emimmigration.com\/fr\/wp-json\/wp\/v2\/comments?post=1429"}],"version-history":[{"count":9,"href":"https:\/\/emimmigration.com\/fr\/wp-json\/wp\/v2\/pages\/1429\/revisions"}],"predecessor-version":[{"id":2389,"href":"https:\/\/emimmigration.com\/fr\/wp-json\/wp\/v2\/pages\/1429\/revisions\/2389"}],"wp:featuredmedia":[{"embeddable":true,"href":"https:\/\/emimmigration.com\/fr\/wp-json\/wp\/v2\/media\/1425"}],"wp:attachment":[{"href":"https:\/\/emimmigration.com\/fr\/wp-json\/wp\/v2\/media?parent=1429"}],"curies":[{"name":"wp","href":"https:\/\/api.w.org\/{rel}","templated":true}]}}