{"id":1561,"date":"2014-11-04T23:57:08","date_gmt":"2014-11-05T04:57:08","guid":{"rendered":"http:\/\/emimmigration.com\/fr\/?page_id=1561"},"modified":"2024-10-03T14:41:38","modified_gmt":"2024-10-03T19:41:38","slug":"agents-reconnus","status":"publish","type":"page","link":"https:\/\/emimmigration.com\/fr\/agents-reconnus\/","title":{"rendered":"Agents Reconnus"},"content":{"rendered":"<p>Nous n&#8217;avons pas en ce moment d&#8217;agent reconnu.<\/p>\n<p>Personne n&#8217;est autoris\u00e9 \u00e0 signer un contrat avec les clients au nom de EM Immigration Consulting \u00e0 part la propri\u00e9taire de la compagnie, madame Elise Michaud. Nous vous prions d&#8217;\u00eatre vigilant et surtout de nous avertir si vous recevez de la sollicitation ou un contrat au nom de notre compagnie et qui n&#8217;est pas au nom de la propri\u00e9taire.<\/p>\n<p>De m\u00eame, seules les personnes list\u00e9es dans la page \u00c0 propos sont autoris\u00e9es \u00e0 contacter des gens au nom de notre compagnie. Pri\u00e8re de nous avertir imm\u00e9diatement si vous \u00eates sollicit\u00e9 par une personne qui ne figure par sur cette page.<\/p>\n<p>Le monde de l&#8217;immigration est vaste et les opportunit\u00e9s de personnes aux mauvaises intentions sont nombreuses. Il incombe \u00e0 tous d&#8217;\u00eatre vigilant et d&#8217;aider \u00e0 rapporter les gens malhonn\u00eates. Nous travaillons tr\u00e8s fort pour offrir un service de tr\u00e8s haute qualit\u00e9 \u00e0 nos clients et nous tenons \u00e0 maintenir notre r\u00e9putation de compagnie honorable et honn\u00eate.<\/p>\n","protected":false},"excerpt":{"rendered":"<p>Nous n&#8217;avons pas en ce moment d&#8217;agent reconnu. Personne n&#8217;est autoris\u00e9 \u00e0 signer un contrat avec les clients au nom de EM Immigration Consulting \u00e0 part la propri\u00e9taire de la compagnie, madame Elise Michaud. Nous vous prions d&#8217;\u00eatre vigilant et surtout de nous avertir si vous recevez de la sollicitation ou un contrat au nom [&hellip;]<\/p>\n","protected":false},"author":4,"featured_media":0,"parent":0,"menu_order":0,"comment_status":"closed","ping_status":"closed","template":"","meta":{"footnotes":""},"class_list":["post-1561","page","type-page","status-publish","czr-hentry"],"acf":[],"_links":{"self":[{"href":"https:\/\/emimmigration.com\/fr\/wp-json\/wp\/v2\/pages\/1561"}],"collection":[{"href":"https:\/\/emimmigration.com\/fr\/wp-json\/wp\/v2\/pages"}],"about":[{"href":"https:\/\/emimmigration.com\/fr\/wp-json\/wp\/v2\/types\/page"}],"author":[{"embeddable":true,"href":"https:\/\/emimmigration.com\/fr\/wp-json\/wp\/v2\/users\/4"}],"replies":[{"embeddable":true,"href":"https:\/\/emimmigration.com\/fr\/wp-json\/wp\/v2\/comments?post=1561"}],"version-history":[{"count":13,"href":"https:\/\/emimmigration.com\/fr\/wp-json\/wp\/v2\/pages\/1561\/revisions"}],"predecessor-version":[{"id":2436,"href":"https:\/\/emimmigration.com\/fr\/wp-json\/wp\/v2\/pages\/1561\/revisions\/2436"}],"wp:attachment":[{"href":"https:\/\/emimmigration.com\/fr\/wp-json\/wp\/v2\/media?parent=1561"}],"curies":[{"name":"wp","href":"https:\/\/api.w.org\/{rel}","templated":true}]}}