{"id":1615,"date":"2014-12-19T10:50:24","date_gmt":"2014-12-19T15:50:24","guid":{"rendered":"http:\/\/emimmigration.com\/fr\/?page_id=1615"},"modified":"2024-10-03T14:46:41","modified_gmt":"2024-10-03T19:46:41","slug":"comment-eviter-la-fraude-en-immigration","status":"publish","type":"page","link":"https:\/\/emimmigration.com\/fr\/comment-eviter-la-fraude-en-immigration\/","title":{"rendered":"Comment \u00e9viter la fraude en immigration"},"content":{"rendered":"<p><img loading=\"lazy\" decoding=\"async\" class=\"aligncenter size-medium wp-image-1616\" src=\"http:\/\/emimmigration.com\/fr\/wp-content\/uploads\/2014\/12\/fraud-300x300.gif\" alt=\"fraud\" width=\"300\" height=\"300\" srcset=\"https:\/\/emimmigration.com\/fr\/wp-content\/uploads\/2014\/12\/fraud-300x300.gif 300w, https:\/\/emimmigration.com\/fr\/wp-content\/uploads\/2014\/12\/fraud-150x150.gif 150w, https:\/\/emimmigration.com\/fr\/wp-content\/uploads\/2014\/12\/fraud-1024x1024.gif 1024w\" sizes=\"(max-width: 300px) 100vw, 300px\" \/><\/p>\n<p>Le monde de l\u2019immigration est vaste et les gens malhonn\u00eates sont parfois tent\u00e9s de prendre avantage des clients potentiels ou des compagnies d\u2019immigration. Si une personne s\u00e8me des doutes dans votre t\u00eate et vous semble malhonn\u00eate, posez des questions, prenez des mesures raisonnables pour vous rassurer et vous assurez que vous transigez avec des gens de bonne r\u00e9putation. Notez que les lois sur la confidentialit\u00e9 au Canada nous rend impossible un syst\u00e8me de r\u00e9f\u00e9rence de clients satisfaits. Il nous est donc impossible et ill\u00e9gal de donner des r\u00e9f\u00e9rences.<\/p>\n<p><span style=\"color: #ff0000;\"><strong>Comment \u00e9viter la fraude?<\/strong><\/span><\/p>\n<p>Voici des conseils de base qui devraient vous assurer de trouver une personne ou une compagnie honn\u00eate:<\/p>\n<p>\u2013 v\u00e9rifier toujours si la personne avec qui vous communiquez est incluse sur le site web de la compagnie<\/p>\n<p>\u2013 soyez m\u00e9fiant des compagnies qui ne donnent pas leur adresse sur leur site web et ne fournissent pas la liste de leurs employ\u00e9s (\u00e0 part bien s\u00fbr le personnel de soutien qui prend les appels)<\/p>\n<p>\u2013 ne signez pas un contrat qui ne comporte pas le nom d&#8217;une personne inscrite sur le site web de la compagnie, ou pire, qui n&#8217;a pas de nom personnel inscrit dessus.<\/p>\n<p>\u2013 quand vous transigez avec un consultant en immigration canadienne, allez v\u00e9rifier son inscription au Coll\u00e8ge des consultants en immigration et en citoyennet\u00e9, en cherchant le nom de votre consultant(e) sur ce site web: <a href=\"https:\/\/college-ic.ca\/\">Site web du Coll\u00e8ge des consultants en immigration et en citoyennet\u00e9<\/a>.<\/p>\n<p>Si le consultant(e) n&#8217;est pas trouvable sur ce site web, c&#8217;est par qu&#8217;il(elle) n&#8217;est pas inscrite au CCIC et ne peut pas l\u00e9galement vendre des services d&#8217;immigration au Canada.<\/p>\n","protected":false},"excerpt":{"rendered":"<p>Le monde de l\u2019immigration est vaste et les gens malhonn\u00eates sont parfois tent\u00e9s de prendre avantage des clients potentiels ou des compagnies d\u2019immigration. Si une personne s\u00e8me des doutes dans votre t\u00eate et vous semble malhonn\u00eate, posez des questions, prenez des mesures raisonnables pour vous rassurer et vous assurez que vous transigez avec des gens [&hellip;]<\/p>\n","protected":false},"author":4,"featured_media":0,"parent":0,"menu_order":0,"comment_status":"closed","ping_status":"closed","template":"","meta":{"footnotes":""},"class_list":["post-1615","page","type-page","status-publish","czr-hentry"],"acf":[],"_links":{"self":[{"href":"https:\/\/emimmigration.com\/fr\/wp-json\/wp\/v2\/pages\/1615"}],"collection":[{"href":"https:\/\/emimmigration.com\/fr\/wp-json\/wp\/v2\/pages"}],"about":[{"href":"https:\/\/emimmigration.com\/fr\/wp-json\/wp\/v2\/types\/page"}],"author":[{"embeddable":true,"href":"https:\/\/emimmigration.com\/fr\/wp-json\/wp\/v2\/users\/4"}],"replies":[{"embeddable":true,"href":"https:\/\/emimmigration.com\/fr\/wp-json\/wp\/v2\/comments?post=1615"}],"version-history":[{"count":18,"href":"https:\/\/emimmigration.com\/fr\/wp-json\/wp\/v2\/pages\/1615\/revisions"}],"predecessor-version":[{"id":2441,"href":"https:\/\/emimmigration.com\/fr\/wp-json\/wp\/v2\/pages\/1615\/revisions\/2441"}],"wp:attachment":[{"href":"https:\/\/emimmigration.com\/fr\/wp-json\/wp\/v2\/media?parent=1615"}],"curies":[{"name":"wp","href":"https:\/\/api.w.org\/{rel}","templated":true}]}}