{"id":2050,"date":"2016-02-27T10:09:20","date_gmt":"2016-02-27T15:09:20","guid":{"rendered":"http:\/\/emimmigration.com\/fr\/?page_id=2050"},"modified":"2024-10-03T15:10:11","modified_gmt":"2024-10-03T20:10:11","slug":"exoneration","status":"publish","type":"page","link":"https:\/\/emimmigration.com\/fr\/exoneration\/","title":{"rendered":"Avertissement"},"content":{"rendered":"<h3>Aucun avis juridique fourni<\/h3>\n<p>Le mat\u00e9riel sur notre site Web est destin\u00e9 \u00e0 fournir uniquement des renseignements g\u00e9n\u00e9raux et des commentaires \u00e0 nos clients et au public. Bien que nous fassions tous nos efforts pour faire en sorte que les informations trouv\u00e9es sur notre site web sont exactes et actuelles, nous ne pouvons pas garantir que l&#8217;information est v\u00e9ridique. Et nous ne garantissons pas l&#8217;exactitude des informations contenues sur les sites Web auxquels notre site Web fournit des liens.<\/p>\n<p>Vous ne pouvez pas, en aucun cas, vous baser sur les informations fournies sur notre site Web comme des conseils juridiques. Les questions juridiques sont souvent compliqu\u00e9es. Pour de l&#8217;aide avec votre probl\u00e8me ou une enqu\u00eate juridique sp\u00e9cifique s&#8217;il-vous-pla\u00eet contacter nous, nous serons heureux de d\u00e9terminer si notre cabinet peut vous aider.<\/p>\n<h3>Conditions d&#8217;utilisation<\/h3>\n<p>Les informations fournies sur ce site web sont \u00e0 titre informatif seulement.<\/p>\n<h3>Aucune relation consultant-client cr\u00e9\u00e9<\/h3>\n<p>Toute information envoy\u00e9e \u00e0 EM Consultation en Immigration Inc. par courriel via notre site Web ne cr\u00e9e pas un relation consultante-client, de consultation ou de fiduciaire. Cette relation client-consultante sera cr\u00e9\u00e9 seulement apr\u00e8s la signature d&#8217;un contrat de service par les deux parties et la r\u00e9ception du paiement exigible \u00e0 la signature du contrat.<\/p>\n<h3>Information sensible<\/h3>\n<p>Nous vous signalons que les informations transmises \u00e0 travers notre site Web peuvent ne pas \u00eatre s\u00e9curis\u00e9es. Nous vous recommandons fortement de ne pas envoyer des informations confidentielles ou sensibles \u00e0 nous par courriel via le formulaire de contact de notre site. Si vous le faites, vous le faites \u00e0 vos propres risques. EM Consultation en Immigration Inc. n&#8217;est pas responsable en aucune fa\u00e7on pour toute perte que vous pourriez subir par l&#8217;interception ou la mauvaise utilisation de l&#8217;information transmise.<\/p>\n<h3>Confidentialit\u00e9 des informations recueillies<\/h3>\n<p>Les informations que vous partagez avec nous par courriel sont strictement confidentielles et ne sont pas divulgu\u00e9es. Notre service d&#8217;analyse de traffic internet recueuille seulement les donn\u00e9es telles que l&#8217;emplacement g\u00e9ographique, la dur\u00e9e de navigation, les pages consult\u00e9es de la part des utilisateurs.<\/p>\n<h3>Aucune responsabilit\u00e9 d&#8217;EM Consultation en Immigration Inc.<\/h3>\n<p>EM Consultation en Immigration Inc. d\u00e9cline toute responsabilit\u00e9 pour votre utilisation de notre site Web. Votre utilisation de notre site est \u00e0 vos propres risques. Notre site Web est disponible sur une base \u00abtel quel\u00bb et \u00abtel que disponible\u00bb, sans aucune garantie ou condition d&#8217;aucune sorte, expresse ou implicite. EM Consultation en Immigration Inc. ne sera en aucun cas \u00eatre tenu responsable envers vous ou toute autre personne pour toute perte ou dommage d\u00e9coulant de, li\u00e9s \u00e0, ou se rapportant \u00e0 l&#8217;utilisation de notre site Web par vous ou toute autre personne.<\/p>\n<h3>Droits d&#8217;auteur<\/h3>\n<p>Tout le mat\u00e9riel sur ce site est au droits d&#8217;auteur 2024 EM Consultation en Immigration Inc. et ne peut \u00eatre reproduit sous quelque forme \u00e0 des fins commerciales ou autre sans l&#8217;autorisation \u00e9crite expresse de EM Consultation en Immigration Inc.<\/p>\n","protected":false},"excerpt":{"rendered":"<p>Aucun avis juridique fourni Le mat\u00e9riel sur notre site Web est destin\u00e9 \u00e0 fournir uniquement des renseignements g\u00e9n\u00e9raux et des commentaires \u00e0 nos clients et au public. Bien que nous fassions tous nos efforts pour faire en sorte que les informations trouv\u00e9es sur notre site web sont exactes et actuelles, nous ne pouvons pas garantir [&hellip;]<\/p>\n","protected":false},"author":4,"featured_media":0,"parent":0,"menu_order":0,"comment_status":"closed","ping_status":"closed","template":"","meta":{"footnotes":""},"class_list":["post-2050","page","type-page","status-publish","czr-hentry"],"acf":[],"_links":{"self":[{"href":"https:\/\/emimmigration.com\/fr\/wp-json\/wp\/v2\/pages\/2050"}],"collection":[{"href":"https:\/\/emimmigration.com\/fr\/wp-json\/wp\/v2\/pages"}],"about":[{"href":"https:\/\/emimmigration.com\/fr\/wp-json\/wp\/v2\/types\/page"}],"author":[{"embeddable":true,"href":"https:\/\/emimmigration.com\/fr\/wp-json\/wp\/v2\/users\/4"}],"replies":[{"embeddable":true,"href":"https:\/\/emimmigration.com\/fr\/wp-json\/wp\/v2\/comments?post=2050"}],"version-history":[{"count":8,"href":"https:\/\/emimmigration.com\/fr\/wp-json\/wp\/v2\/pages\/2050\/revisions"}],"predecessor-version":[{"id":2450,"href":"https:\/\/emimmigration.com\/fr\/wp-json\/wp\/v2\/pages\/2050\/revisions\/2450"}],"wp:attachment":[{"href":"https:\/\/emimmigration.com\/fr\/wp-json\/wp\/v2\/media?parent=2050"}],"curies":[{"name":"wp","href":"https:\/\/api.w.org\/{rel}","templated":true}]}}