{"id":2120,"date":"2016-03-29T22:11:58","date_gmt":"2016-03-30T03:11:58","guid":{"rendered":"http:\/\/emimmigration.com\/fr\/?page_id=2120"},"modified":"2024-10-03T15:02:20","modified_gmt":"2024-10-03T20:02:20","slug":"politique-de-confidentialite","status":"publish","type":"page","link":"https:\/\/emimmigration.com\/fr\/politique-de-confidentialite\/","title":{"rendered":"Politique de confidentialit\u00e9"},"content":{"rendered":"<p>Cette politique de confidentialit\u00e9 s&#8217;applique au site web www.emimmigration.com qui appartient et est maintenu par EM Consultation en Immigration Inc, ci-apr\u00e8s EM.<\/p>\n<p>Notre adresse postale est la suivante:<br \/>\n1155 Boul. Ren\u00e9-L\u00e9vesque Ouest, 25e \u00e9tage,<br \/>\nMontr\u00e9al, Qu\u00e9bec, Canada<br \/>\nH3B 2K4<br \/>\nNotre courriel: info@emimmigration.com<br \/>\nNotre politique de confidentialit\u00e9 d\u00e9crit la mani\u00e8re dont nous disposons les informations personnelles que vous mettez \u00e0 notre disposition.<\/p>\n<p>L\u2019utilisation des sites web ou tout autre service offert sont assujettis \u00e0 la politique de confidentialit\u00e9 suivante. Votre utilisation du site internet ou tous autres services offerts par EM constitue votre acceptation des termes mentionn\u00e9s, incluant les modifications futures apport\u00e9es.<\/p>\n<p>La compagnie EM Consultation en Immigration Inc. ne divulgue, ni ne vend, revend, loue vos donn\u00e9es personnelles \u00e0 une quelconque tierce partie.<\/p>\n<p>Il vous est propos\u00e9 de soumettre vos coordonn\u00e9es personnelles au cours de l\u2019acc\u00e8s \u00e0 notre site. Ces donn\u00e9es sont conserv\u00e9es dans notre centre de donn\u00e9es s\u00e9curis\u00e9 afin de pouvoir r\u00e9pondre \u00e0 vos demandes. Les personnes qui fournissent leur num\u00e9ro de t\u00e9l\u00e9phone ou adresse courriel en ligne ne seront contact\u00e9es que par notre compagnie concernant uniquement l\u2019information reli\u00e9e \u00e0 leur compte client ou dossier en immigration.<\/p>\n<p>Vous serez requis de fournir des informations personnelles limit\u00e9es dans le formulaire de contact de notre site. Les informations recueillies sur ces sites ne seront pas transmises \u00e0 des tiers et seront utilis\u00e9es uniquement pour le but pour lequel dont elles ont \u00e9t\u00e9 requises initialement.<\/p>\n<p>Toute donn\u00e9e personnelle que vous nous soumettez ne sera ni vendue ni transf\u00e9r\u00e9e \u00e0 une tierce partie.<\/p>\n<p>Toutes les informations que vous nous fournissez, tel que les d\u00e9tails de votre inscription et de votre \u00e9valuation ou toute autre donn\u00e9e personnelle, seront s\u00e9curis\u00e9s gr\u00e2ce \u00e0 des techniques de cryptage courantes. Nous utilisons une technologie du cryptage correspondant aux normes de l\u2019industrie lors du transfert des donn\u00e9es sensibles \u00e9chang\u00e9es sur notre site.<\/p>\n<p>Pour chaque visiteur de notre site, notre serveur web reconna\u00eet automatiquement le nom du domaine \/ IP, mais pas l\u2019adresse courriel.<\/p>\n<p>Nous ne sommes partenaire avec aucune compagnie d\u2019annonce sur serveur et nous ne nous servons d\u2019aucun cookies fournit par un tiers parti.<\/p>\n<p>Votre courriel ainsi que toutes autres informations que vous nous avez fournies ne seront pas transmises \u00e0 des tiers et seront utilis\u00e9es uniquement pour les intentions dont elles ont \u00e9t\u00e9 requises \u00e0 la base.<\/p>\n<p>Si vous croyez que ce site ne correspond pas \u00e0 la politique de confidentialit\u00e9 cit\u00e9e, veuillez nous contacter.<\/p>\n","protected":false},"excerpt":{"rendered":"<p>Cette politique de confidentialit\u00e9 s&#8217;applique au site web www.emimmigration.com qui appartient et est maintenu par EM Consultation en Immigration Inc, ci-apr\u00e8s EM. Notre adresse postale est la suivante: 1155 Boul. Ren\u00e9-L\u00e9vesque Ouest, 25e \u00e9tage, Montr\u00e9al, Qu\u00e9bec, Canada H3B 2K4 Notre courriel: info@emimmigration.com Notre politique de confidentialit\u00e9 d\u00e9crit la mani\u00e8re dont nous disposons les informations personnelles [&hellip;]<\/p>\n","protected":false},"author":4,"featured_media":0,"parent":0,"menu_order":0,"comment_status":"closed","ping_status":"closed","template":"","meta":{"footnotes":""},"class_list":["post-2120","page","type-page","status-publish","czr-hentry"],"acf":[],"_links":{"self":[{"href":"https:\/\/emimmigration.com\/fr\/wp-json\/wp\/v2\/pages\/2120"}],"collection":[{"href":"https:\/\/emimmigration.com\/fr\/wp-json\/wp\/v2\/pages"}],"about":[{"href":"https:\/\/emimmigration.com\/fr\/wp-json\/wp\/v2\/types\/page"}],"author":[{"embeddable":true,"href":"https:\/\/emimmigration.com\/fr\/wp-json\/wp\/v2\/users\/4"}],"replies":[{"embeddable":true,"href":"https:\/\/emimmigration.com\/fr\/wp-json\/wp\/v2\/comments?post=2120"}],"version-history":[{"count":5,"href":"https:\/\/emimmigration.com\/fr\/wp-json\/wp\/v2\/pages\/2120\/revisions"}],"predecessor-version":[{"id":2448,"href":"https:\/\/emimmigration.com\/fr\/wp-json\/wp\/v2\/pages\/2120\/revisions\/2448"}],"wp:attachment":[{"href":"https:\/\/emimmigration.com\/fr\/wp-json\/wp\/v2\/media?parent=2120"}],"curies":[{"name":"wp","href":"https:\/\/api.w.org\/{rel}","templated":true}]}}