{"id":2137,"date":"2016-03-29T23:26:31","date_gmt":"2016-03-30T04:26:31","guid":{"rendered":"http:\/\/emimmigration.com\/fr\/?page_id=2137"},"modified":"2016-03-29T23:53:35","modified_gmt":"2016-03-30T04:53:35","slug":"commissaire-a-lassermentation","status":"publish","type":"page","link":"https:\/\/emimmigration.com\/fr\/commissaire-a-lassermentation\/","title":{"rendered":"Commissaire \u00e0 l&#8217;assermentation"},"content":{"rendered":"<p><img loading=\"lazy\" decoding=\"async\" src=\"http:\/\/emimmigration.com\/fr\/wp-content\/uploads\/2016\/03\/signature-300x188.jpg\" alt=\"signature\" width=\"300\" height=\"188\" class=\"alignnone size-medium wp-image-2142\" \/><\/p>\n<p>Il nous arrive d&#8217;avoir des questions au sujet des commissaires \u00e0 l&#8217;assermentation qui fournissent des services d&#8217;immigration au Canada ou au Qu\u00e9bec. Il est tr\u00e8s important de savoir que le fait d&#8217;\u00eatre Commissaire \u00e0 l&#8217;assermentation NE DONNE PAS le droit de fournir des services d&#8217;immigration au Canada ni au Qu\u00e9bec. Un commissaire \u00e0 l&#8217;assermentation qui fournit des services d&#8217;immigration au Canada sans \u00eatre de plus Consultant R\u00e9glement\u00e9 en Immigration Canadienne (CRIC), ou avocat ou notaire, op\u00e8re de fa\u00e7on ill\u00e9gale et il est ill\u00e9gal de retenir leurs services.<\/p>\n<p>Le r\u00f4le d&#8217;un Commissaire \u00e0 l&#8217;assermentation est d&#8217;assermenter les personnes au sujet d&#8217;une d\u00e9claration. <br \/>\nLe titre de Commissaire \u00e0 l&#8217;assermentation est administr\u00e9 par le Minist\u00e8re de la Justice de chaque province et tout citoyen canadien peut devenir Commissaire \u00e0 l&#8217;assermentation s&#8217;il r\u00e9pond aux crit\u00e8res, d\u00e9pose sa demande aupr\u00e8s du Minist\u00e8re de la Justice, et paie les frais reli\u00e9s \u00e0 cette demande. <a href=\"http:\/\/www.assermentation.justice.gouv.qc.ca\/ServicesPublics\/Accueil.aspx\" target=\"_blank\">Consultez le site web du Minist\u00e8re de la Justice du Qu\u00e9bec pour plus d&#8217;information au sujet des commissaires \u00e0 l&#8217;assermentation<\/a>. <\/p>\n","protected":false},"excerpt":{"rendered":"<p>Il nous arrive d&#8217;avoir des questions au sujet des commissaires \u00e0 l&#8217;assermentation qui fournissent des services d&#8217;immigration au Canada ou au Qu\u00e9bec. Il est tr\u00e8s important de savoir que le fait d&#8217;\u00eatre Commissaire \u00e0 l&#8217;assermentation NE DONNE PAS le droit de fournir des services d&#8217;immigration au Canada ni au Qu\u00e9bec. Un commissaire \u00e0 l&#8217;assermentation qui [&hellip;]<\/p>\n","protected":false},"author":4,"featured_media":0,"parent":0,"menu_order":0,"comment_status":"closed","ping_status":"closed","template":"","meta":{"footnotes":""},"class_list":["post-2137","page","type-page","status-publish","czr-hentry"],"acf":[],"_links":{"self":[{"href":"https:\/\/emimmigration.com\/fr\/wp-json\/wp\/v2\/pages\/2137"}],"collection":[{"href":"https:\/\/emimmigration.com\/fr\/wp-json\/wp\/v2\/pages"}],"about":[{"href":"https:\/\/emimmigration.com\/fr\/wp-json\/wp\/v2\/types\/page"}],"author":[{"embeddable":true,"href":"https:\/\/emimmigration.com\/fr\/wp-json\/wp\/v2\/users\/4"}],"replies":[{"embeddable":true,"href":"https:\/\/emimmigration.com\/fr\/wp-json\/wp\/v2\/comments?post=2137"}],"version-history":[{"count":4,"href":"https:\/\/emimmigration.com\/fr\/wp-json\/wp\/v2\/pages\/2137\/revisions"}],"predecessor-version":[{"id":2143,"href":"https:\/\/emimmigration.com\/fr\/wp-json\/wp\/v2\/pages\/2137\/revisions\/2143"}],"wp:attachment":[{"href":"https:\/\/emimmigration.com\/fr\/wp-json\/wp\/v2\/media?parent=2137"}],"curies":[{"name":"wp","href":"https:\/\/api.w.org\/{rel}","templated":true}]}}